{"id":9366,"date":"2022-09-15T13:36:11","date_gmt":"2022-09-15T13:36:11","guid":{"rendered":"https:\/\/nutriva.it\/product\/9366\/"},"modified":"2023-04-04T11:17:05","modified_gmt":"2023-04-04T11:17:05","slug":"nutriva-allergilen","status":"publish","type":"product","link":"https:\/\/nutriva.it\/en\/prodotto\/nutriva-allergilen\/","title":{"rendered":"Nutriva ALLERGILEN"},"content":{"rendered":"<p>[vc_row][vc_column][vc_tta_accordion][vc_tta_section title=&#8221;Instructions for use:&#8221; tab_id=&#8221;1665414062060-96794c34-a2c8884a-69b6a9f8-082cee4b-3b28&#8243;][vc_column_text]<\/p>\n<div><span lang=\"EN-GB\">1 tablet a day with plenty of water. <\/span><\/div>\n<p>[\/vc_column_text][\/vc_tta_section][vc_tta_section title=&#8221;Ingredients &#091;daily dose per 1 tab&#093;:&#8221; tab_id=&#8221;1665414062059-9fce1294-f9da884a-69b6a9f8-082cee4b-3b28&#8243;][vc_column_text]<\/p>\n<div><a name=\"_Hlk116573447\"><\/a><i><span lang=\"EN-GB\">Ribes nigrum <\/span><\/i><span lang=\"EN-GB\">L. leaves d.e. E\/D 1:4 [100 mg], <i>Adhatoda vasica<\/i> Nees leaves d.e. 0.5% total alkaloids [100 mg], <i>Plantago major<\/i> L. leaves d.e. E\/D 1:4 [100 mg], <i>Ganoderma lucidum<\/i> Curtis P. Karst. sporophore d.e. std. 10% polysaccharides [100 mg], <i>Perilla frutescens<\/i> Britton seeds and leaves d.e. std. 2.5% polyphenols [50 mg], <i>Boswellia serrata<\/i> Roxb. resin std. 65% boswellic acids [50 mg], Quercetin [50 mg]; Bulking agent: microcrystalline cellulose; C2P\u00ae Tech [powdered blend of trace elements (Calcium, Chlorine, Phosphorus, Sulphur, Magnesium, Potassium, Sodium, Iron, Manganese, Zinc, Copper, Selenium) alpha-cyclodextrin], Anti-caking agents: vegetable magnesium stearate, colloidal silica. <\/span><\/div>\n<p>[\/vc_column_text][\/vc_tta_section][vc_tta_section title=&#8221;Contains&#8221; tab_id=&#8221;1665414964810-723f39dd-d74a884a-69b6a9f8-082cee4b-3b28&#8243;][vc_single_image image=&#8221;8992&#8243; img_size=&#8221;large&#8221;][\/vc_tta_section][vc_tta_section title=&#8221;Warnings&#8221; tab_id=&#8221;1665414294117-3b8b796a-be40884a-69b6a9f8-082cee4b-3b28&#8243;][vc_column_text]<\/p>\n<div><span lang=\"EN-GB\">Food supplements should not be regarded as a substitute for a varied, balanced diet and healthy lifestyle. Do not exceed the recommended daily dose. Keep out of reach of children under 3 years of age. Store at a temperature no higher than 30\u00b0C; keep away from light and\/or sources of heat. The best before date applies to properly stored unopened products. Do not take if pregnant as the product contains bioflavonoids. <\/span><\/div>\n<p>[\/vc_column_text][\/vc_tta_section][\/vc_tta_accordion][\/vc_column][\/vc_row]<\/p>\n","protected":false},"excerpt":{"rendered":"<p><strong>NUTRIVA ALLERGILEN<\/strong> is a food supplement with Blackcurrant, Adhatoda vasica, Plantain, Reishi, Perilla, Boswellia and Quercetin. Adhatoda helps thin bronchial secretions. Plantain contributes to the functioning of the upper respiratory tract and the mucous membranes of the respiratory system. Reishi and Perilla help boost the body&#8217;s natural defences. 30 tabs format.<\/p>\n","protected":false},"featured_media":11979,"template":"","meta":{"_acf_changed":false},"product_brand":[],"product_cat":[178,183],"product_tag":[212],"class_list":{"0":"post-9366","1":"product","2":"type-product","3":"status-publish","4":"has-post-thumbnail","6":"product_cat-allergies","7":"product_cat-immune-system","8":"product_tag-vegan-en","10":"first","11":"instock","12":"shipping-taxable","13":"product-type-simple"},"acf":[],"yoast_head":"<!-- This site is optimized with the Yoast SEO plugin v27.2 - https:\/\/yoast.com\/product\/yoast-seo-wordpress\/ -->\n<title>Nutriva ALLERGILEN - Nutriva<\/title>\n<meta name=\"robots\" content=\"index, follow, max-snippet:-1, max-image-preview:large, max-video-preview:-1\" \/>\n<link rel=\"canonical\" href=\"https:\/\/nutriva.it\/en\/prodotto\/nutriva-allergilen\/\" \/>\n<meta property=\"og:locale\" content=\"en_US\" \/>\n<meta property=\"og:type\" content=\"article\" \/>\n<meta property=\"og:title\" content=\"Nutriva ALLERGILEN - Nutriva\" \/>\n<meta property=\"og:description\" content=\"NUTRIVA ALLERGILEN is a food supplement with Blackcurrant, Adhatoda vasica, Plantain, Reishi, Perilla, Boswellia and Quercetin. Adhatoda helps thin bronchial secretions. Plantain contributes to the functioning of the upper respiratory tract and the mucous membranes of the respiratory system. Reishi and Perilla help boost the body&#039;s natural defences. 30 tabs format.\" \/>\n<meta property=\"og:url\" content=\"https:\/\/nutriva.it\/en\/prodotto\/nutriva-allergilen\/\" \/>\n<meta property=\"og:site_name\" content=\"Nutriva\" \/>\n<meta property=\"article:publisher\" content=\"https:\/\/www.facebook.com\/Nutriva.Integratori\" \/>\n<meta property=\"article:modified_time\" content=\"2023-04-04T11:17:05+00:00\" \/>\n<meta property=\"og:image\" content=\"https:\/\/nutriva.it\/wp-content\/uploads\/2022\/09\/ALLERGILEN.png\" \/>\n\t<meta property=\"og:image:width\" content=\"1240\" \/>\n\t<meta property=\"og:image:height\" content=\"1240\" \/>\n\t<meta property=\"og:image:type\" content=\"image\/png\" \/>\n<meta name=\"twitter:card\" content=\"summary_large_image\" \/>\n<meta name=\"twitter:label1\" content=\"Est. reading time\" \/>\n\t<meta name=\"twitter:data1\" content=\"2 minutes\" \/>\n<script type=\"application\/ld+json\" class=\"yoast-schema-graph\">{\"@context\":\"https:\/\/schema.org\",\"@graph\":[{\"@type\":\"WebPage\",\"@id\":\"https:\/\/nutriva.it\/en\/prodotto\/nutriva-allergilen\/\",\"url\":\"https:\/\/nutriva.it\/en\/prodotto\/nutriva-allergilen\/\",\"name\":\"Nutriva ALLERGILEN - Nutriva\",\"isPartOf\":{\"@id\":\"https:\/\/nutriva.it\/en\/#website\"},\"primaryImageOfPage\":{\"@id\":\"https:\/\/nutriva.it\/en\/prodotto\/nutriva-allergilen\/#primaryimage\"},\"image\":{\"@id\":\"https:\/\/nutriva.it\/en\/prodotto\/nutriva-allergilen\/#primaryimage\"},\"thumbnailUrl\":\"https:\/\/nutriva.it\/wp-content\/uploads\/2022\/09\/Allergilen-Nutriva-1.jpg\",\"datePublished\":\"2022-09-15T13:36:11+00:00\",\"dateModified\":\"2023-04-04T11:17:05+00:00\",\"breadcrumb\":{\"@id\":\"https:\/\/nutriva.it\/en\/prodotto\/nutriva-allergilen\/#breadcrumb\"},\"inLanguage\":\"en-US\",\"potentialAction\":[{\"@type\":\"ReadAction\",\"target\":[\"https:\/\/nutriva.it\/en\/prodotto\/nutriva-allergilen\/\"]}]},{\"@type\":\"ImageObject\",\"inLanguage\":\"en-US\",\"@id\":\"https:\/\/nutriva.it\/en\/prodotto\/nutriva-allergilen\/#primaryimage\",\"url\":\"https:\/\/nutriva.it\/wp-content\/uploads\/2022\/09\/Allergilen-Nutriva-1.jpg\",\"contentUrl\":\"https:\/\/nutriva.it\/wp-content\/uploads\/2022\/09\/Allergilen-Nutriva-1.jpg\",\"width\":1245,\"height\":1240,\"caption\":\"Nutriva Allergilen funzionalit\u00e0 delle vie respiratorie, funzionalit\u00e0 delle mucose dell'apparato respiratorio, funzionalit\u00e0 delle secrezioni bronchiali.\"},{\"@type\":\"BreadcrumbList\",\"@id\":\"https:\/\/nutriva.it\/en\/prodotto\/nutriva-allergilen\/#breadcrumb\",\"itemListElement\":[{\"@type\":\"ListItem\",\"position\":1,\"name\":\"Home\",\"item\":\"https:\/\/nutriva.it\/en\/\"},{\"@type\":\"ListItem\",\"position\":2,\"name\":\"Products\",\"item\":\"https:\/\/nutriva.it\/en\/shop\/\"},{\"@type\":\"ListItem\",\"position\":3,\"name\":\"Nutriva ALLERGILEN\"}]},{\"@type\":\"WebSite\",\"@id\":\"https:\/\/nutriva.it\/en\/#website\",\"url\":\"https:\/\/nutriva.it\/en\/\",\"name\":\"Nutriva\",\"description\":\"La linea di integratori alimentari per uno stile di vita sano\",\"publisher\":{\"@id\":\"https:\/\/nutriva.it\/en\/#organization\"},\"potentialAction\":[{\"@type\":\"SearchAction\",\"target\":{\"@type\":\"EntryPoint\",\"urlTemplate\":\"https:\/\/nutriva.it\/en\/?s={search_term_string}\"},\"query-input\":{\"@type\":\"PropertyValueSpecification\",\"valueRequired\":true,\"valueName\":\"search_term_string\"}}],\"inLanguage\":\"en-US\"},{\"@type\":\"Organization\",\"@id\":\"https:\/\/nutriva.it\/en\/#organization\",\"name\":\"Nutriva\",\"url\":\"https:\/\/nutriva.it\/en\/\",\"logo\":{\"@type\":\"ImageObject\",\"inLanguage\":\"en-US\",\"@id\":\"https:\/\/nutriva.it\/en\/#\/schema\/logo\/image\/\",\"url\":\"https:\/\/nutriva.it\/wp-content\/uploads\/2023\/02\/logo-nutriva-calendly.jpg\",\"contentUrl\":\"https:\/\/nutriva.it\/wp-content\/uploads\/2023\/02\/logo-nutriva-calendly.jpg\",\"width\":1500,\"height\":1500,\"caption\":\"Nutriva\"},\"image\":{\"@id\":\"https:\/\/nutriva.it\/en\/#\/schema\/logo\/image\/\"},\"sameAs\":[\"https:\/\/www.facebook.com\/Nutriva.Integratori\"]}]}<\/script>\n<!-- \/ Yoast SEO plugin. -->","yoast_head_json":{"title":"Nutriva ALLERGILEN - Nutriva","robots":{"index":"index","follow":"follow","max-snippet":"max-snippet:-1","max-image-preview":"max-image-preview:large","max-video-preview":"max-video-preview:-1"},"canonical":"https:\/\/nutriva.it\/en\/prodotto\/nutriva-allergilen\/","og_locale":"en_US","og_type":"article","og_title":"Nutriva ALLERGILEN - Nutriva","og_description":"NUTRIVA ALLERGILEN is a food supplement with Blackcurrant, Adhatoda vasica, Plantain, Reishi, Perilla, Boswellia and Quercetin. Adhatoda helps thin bronchial secretions. Plantain contributes to the functioning of the upper respiratory tract and the mucous membranes of the respiratory system. Reishi and Perilla help boost the body's natural defences. 30 tabs format.","og_url":"https:\/\/nutriva.it\/en\/prodotto\/nutriva-allergilen\/","og_site_name":"Nutriva","article_publisher":"https:\/\/www.facebook.com\/Nutriva.Integratori","article_modified_time":"2023-04-04T11:17:05+00:00","og_image":[{"width":1240,"height":1240,"url":"https:\/\/nutriva.it\/wp-content\/uploads\/2022\/09\/ALLERGILEN.png","type":"image\/png"}],"twitter_card":"summary_large_image","twitter_misc":{"Est. reading time":"2 minutes"},"schema":{"@context":"https:\/\/schema.org","@graph":[{"@type":"WebPage","@id":"https:\/\/nutriva.it\/en\/prodotto\/nutriva-allergilen\/","url":"https:\/\/nutriva.it\/en\/prodotto\/nutriva-allergilen\/","name":"Nutriva ALLERGILEN - Nutriva","isPartOf":{"@id":"https:\/\/nutriva.it\/en\/#website"},"primaryImageOfPage":{"@id":"https:\/\/nutriva.it\/en\/prodotto\/nutriva-allergilen\/#primaryimage"},"image":{"@id":"https:\/\/nutriva.it\/en\/prodotto\/nutriva-allergilen\/#primaryimage"},"thumbnailUrl":"https:\/\/nutriva.it\/wp-content\/uploads\/2022\/09\/Allergilen-Nutriva-1.jpg","datePublished":"2022-09-15T13:36:11+00:00","dateModified":"2023-04-04T11:17:05+00:00","breadcrumb":{"@id":"https:\/\/nutriva.it\/en\/prodotto\/nutriva-allergilen\/#breadcrumb"},"inLanguage":"en-US","potentialAction":[{"@type":"ReadAction","target":["https:\/\/nutriva.it\/en\/prodotto\/nutriva-allergilen\/"]}]},{"@type":"ImageObject","inLanguage":"en-US","@id":"https:\/\/nutriva.it\/en\/prodotto\/nutriva-allergilen\/#primaryimage","url":"https:\/\/nutriva.it\/wp-content\/uploads\/2022\/09\/Allergilen-Nutriva-1.jpg","contentUrl":"https:\/\/nutriva.it\/wp-content\/uploads\/2022\/09\/Allergilen-Nutriva-1.jpg","width":1245,"height":1240,"caption":"Nutriva Allergilen funzionalit\u00e0 delle vie respiratorie, funzionalit\u00e0 delle mucose dell'apparato respiratorio, funzionalit\u00e0 delle secrezioni bronchiali."},{"@type":"BreadcrumbList","@id":"https:\/\/nutriva.it\/en\/prodotto\/nutriva-allergilen\/#breadcrumb","itemListElement":[{"@type":"ListItem","position":1,"name":"Home","item":"https:\/\/nutriva.it\/en\/"},{"@type":"ListItem","position":2,"name":"Products","item":"https:\/\/nutriva.it\/en\/shop\/"},{"@type":"ListItem","position":3,"name":"Nutriva ALLERGILEN"}]},{"@type":"WebSite","@id":"https:\/\/nutriva.it\/en\/#website","url":"https:\/\/nutriva.it\/en\/","name":"Nutriva","description":"La linea di integratori alimentari per uno stile di vita sano","publisher":{"@id":"https:\/\/nutriva.it\/en\/#organization"},"potentialAction":[{"@type":"SearchAction","target":{"@type":"EntryPoint","urlTemplate":"https:\/\/nutriva.it\/en\/?s={search_term_string}"},"query-input":{"@type":"PropertyValueSpecification","valueRequired":true,"valueName":"search_term_string"}}],"inLanguage":"en-US"},{"@type":"Organization","@id":"https:\/\/nutriva.it\/en\/#organization","name":"Nutriva","url":"https:\/\/nutriva.it\/en\/","logo":{"@type":"ImageObject","inLanguage":"en-US","@id":"https:\/\/nutriva.it\/en\/#\/schema\/logo\/image\/","url":"https:\/\/nutriva.it\/wp-content\/uploads\/2023\/02\/logo-nutriva-calendly.jpg","contentUrl":"https:\/\/nutriva.it\/wp-content\/uploads\/2023\/02\/logo-nutriva-calendly.jpg","width":1500,"height":1500,"caption":"Nutriva"},"image":{"@id":"https:\/\/nutriva.it\/en\/#\/schema\/logo\/image\/"},"sameAs":["https:\/\/www.facebook.com\/Nutriva.Integratori"]}]}},"_links":{"self":[{"href":"https:\/\/nutriva.it\/en\/wp-json\/wp\/v2\/product\/9366","targetHints":{"allow":["GET"]}}],"collection":[{"href":"https:\/\/nutriva.it\/en\/wp-json\/wp\/v2\/product"}],"about":[{"href":"https:\/\/nutriva.it\/en\/wp-json\/wp\/v2\/types\/product"}],"wp:featuredmedia":[{"embeddable":true,"href":"https:\/\/nutriva.it\/en\/wp-json\/wp\/v2\/media\/11979"}],"wp:attachment":[{"href":"https:\/\/nutriva.it\/en\/wp-json\/wp\/v2\/media?parent=9366"}],"wp:term":[{"taxonomy":"product_brand","embeddable":true,"href":"https:\/\/nutriva.it\/en\/wp-json\/wp\/v2\/product_brand?post=9366"},{"taxonomy":"product_cat","embeddable":true,"href":"https:\/\/nutriva.it\/en\/wp-json\/wp\/v2\/product_cat?post=9366"},{"taxonomy":"product_tag","embeddable":true,"href":"https:\/\/nutriva.it\/en\/wp-json\/wp\/v2\/product_tag?post=9366"}],"curies":[{"name":"wp","href":"https:\/\/api.w.org\/{rel}","templated":true}]}}